{"id":10,"date":"2015-04-08T13:08:58","date_gmt":"2015-04-08T13:08:58","guid":{"rendered":"https:\/\/www.brisanet.pt\/?page_id=10"},"modified":"2017-09-04T19:02:41","modified_gmt":"2017-09-04T19:02:41","slug":"fabrico","status":"publish","type":"page","link":"https:\/\/www.brisanet.com.pt\/en\/fabrico\/","title":{"rendered":"Fabrico"},"content":{"rendered":"<p>[vc_row css=&#8221;.vc_custom_1428428020454{padding-top: 3% !important;padding-bottom: 6% !important;}&#8221; row_type=&#8221;row&#8221; use_row_as_full_screen_section=&#8221;no&#8221; type=&#8221;full_width&#8221; in_content_menu=&#8221;&#8221; icon_pack=&#8221;font_awesome&#8221; content_menu_fe_icon=&#8221;arrow_back&#8221; text_align=&#8221;left&#8221; pattern_background=&#8221;&#8221;][vc_column width=&#8221;1\/1&#8243;]<div class=\"cq-dagallery-container\" style=\"width:100%;margin:0 auto;\"><ul class=\"cq-dagallery\" data-gallerywidth=\"100%\" data-width=\"383\" data-height=\"285\" data-color=\"#ffffff\" data-background=\"#0099d8\" data-opacity=\"0.9\"><li class=\"\" data-width=\"383\" data-height=\"285\" data-margin=\"5px\" style=\"margin:5px\"><a class=\"normal\" href=\"https:\/\/www.brisanet.com.pt\/wp-content\/uploads\/2015\/04\/1_cubas.jpg\" rel=\"1076\"><img src='https:\/\/www.brisanet.com.pt\/wp-content\/uploads\/2015\/04\/1_cubas-766x570.jpg' width='383' height='285' alt='' \/><\/a><div class=\"dagallery-info\" style=\"padding:10;color:#ffffff;background-color:#0099d8\"><h3>Cubas de Fermenta\u00e7\u00e3o<\/h3><p>Equipamento onde o mosto \u00e9 transformado em cerveja e CO2 na presen\u00e7a de um microrganismo (levedura) e de oxig\u00e9nio. Este processo \u00e9 designado por fermenta\u00e7\u00e3o. Temos uma capacidade instalada de aproximadamente 1400000 litros. Todo o processo de fermenta\u00e7\u00e3o \u00e9 controlado diariamente pelo nosso controlo de qualidade. Em media uma cerveja demora 8 a 9 dias a fermentar e outros restantes dias em matura\u00e7\u00e3o.<\/p><\/div><\/li><li class=\"\" data-width=\"383\" data-height=\"285\" data-margin=\"5px\" style=\"margin:5px\"><a class=\"normal\" href=\"https:\/\/www.brisanet.com.pt\/wp-content\/uploads\/2015\/04\/2_silar.jpg\" rel=\"1076\"><img src='https:\/\/www.brisanet.com.pt\/wp-content\/uploads\/2015\/04\/2_silar-766x570.jpg' width='383' height='285' alt='' \/><\/a><div class=\"dagallery-info\" style=\"padding:10;color:#ffffff;background-color:#0099d8\"><h3>Bloco de Silar<\/h3><p>Onde se processa o armazenamento de malte e milho. Capacidade instalada 260 Toneladas Malte 120 Toneladas de milho. Estas mat\u00e9rias primas s\u00e3o transportadas em contentores apropriados desde as suas origens sendo a sua descarga feita automaticamente.<\/p><\/div><\/li><li class=\"\" data-width=\"383\" data-height=\"285\" data-margin=\"5px\" style=\"margin:5px\"><a class=\"normal\" href=\"https:\/\/www.brisanet.com.pt\/wp-content\/uploads\/2015\/04\/3_controlo.jpg\" rel=\"1076\"><img src='https:\/\/www.brisanet.com.pt\/wp-content\/uploads\/2015\/04\/3_controlo-766x570.jpg' width='383' height='285' alt='' \/><\/a><div class=\"dagallery-info\" style=\"padding:10;color:#ffffff;background-color:#0099d8\"><h3>Sala de Controlo<\/h3><p>Local onde est\u00e1 centralizado os comandos do Bloco Silar a Sala de Fabrico a Monitoriza\u00e7\u00e3o das cubas de fermenta\u00e7\u00e3o e o Controlo de todo o sistema de higieniza\u00e7\u00e3o.<\/p><\/div><\/li><li class=\"\" data-width=\"383\" data-height=\"285\" data-margin=\"5px\" style=\"margin:5px\"><a class=\"normal\" href=\"https:\/\/www.brisanet.com.pt\/wp-content\/uploads\/2015\/04\/4_fabrico.jpg\" rel=\"1076\"><img src='https:\/\/www.brisanet.com.pt\/wp-content\/uploads\/2015\/04\/4_fabrico-766x570.jpg' width='383' height='285' alt='' \/><\/a><div class=\"dagallery-info\" style=\"padding:10;color:#ffffff;background-color:#0099d8\"><h3>Sala de Fabrico<\/h3><p>\u00c9 designada por Brassagem a primeira fase da produ\u00e7\u00e3o da cerveja isto \u00e9 o processo de forma\u00e7\u00e3o e dissolu\u00e7\u00e3o dos componentes a\u00e7ucarados provenientes do malte e do milho numa solu\u00e7\u00e3o que se designa por mosto de cerveja. \u00c9 nesta fase que se adiciona uma outra mat\u00e9ria prima o l\u00fapulo respons\u00e1vel pelo aroma e amargor da cerveja. A sala de fabrico tem uma capacidade de produ\u00e7\u00e3o de 11 fabricos\/dia de 15000 litros cada um. Em fun\u00e7\u00e3o da receita seleccionada podemos produzir a Coral Branca a T\u00f3nica Sem \u00c1lcool e a Zarco. Ap\u00f3s esta fase o mosto \u00e9 arrefecido e arejado sendo ent\u00e3o inoculada a levedura para se proceder \u00e0 fermenta\u00e7\u00e3o. <\/p><\/div><\/li><li class=\"\" data-width=\"383\" data-height=\"285\" data-margin=\"5px\" style=\"margin:5px\"><a class=\"normal\" href=\"https:\/\/www.brisanet.com.pt\/wp-content\/uploads\/2015\/04\/5_enchimento.jpg\" rel=\"1076\"><img src='https:\/\/www.brisanet.com.pt\/wp-content\/uploads\/2015\/04\/5_enchimento-766x570.jpg' width='383' height='285' alt='' \/><\/a><div class=\"dagallery-info\" style=\"padding:10;color:#ffffff;background-color:#0099d8\"><h3>Filtra\u00e7\u00e3o de Cerveja<\/h3><p>Ap\u00f3s a fermenta\u00e7\u00e3o a cerveja \u00e9 filtrada para ficar com um aspeto l\u00edmpido e transl\u00facido. A cerveja antes de filtrada apresenta-se com um aspeto turvo devido as part\u00edculas que se encontram em suspens\u00e3o principalmente levedura e complexos proteicos.<\/p><\/div><\/li><li class=\"\" data-width=\"383\" data-height=\"285\" data-margin=\"5px\" style=\"margin:5px\"><a class=\"normal\" href=\"https:\/\/www.brisanet.com.pt\/wp-content\/uploads\/2015\/04\/6_filtracao.jpg\" rel=\"1076\"><img src='https:\/\/www.brisanet.com.pt\/wp-content\/uploads\/2015\/04\/6_filtracao-766x570.jpg' width='383' height='285' alt='' \/><\/a><div class=\"dagallery-info\" style=\"padding:10;color:#ffffff;background-color:#0099d8\"><h3>Linhas de Enchimento<\/h3><p>A ECM possui actualmente 5 linhas de enchimento sendo 2 delas de embalagem de vidro uma retorn\u00e1vel e outra sem retorno uma linha de Pet (embalagem pl\u00e1stico) e outras duas de barris de cerveja e de refrigerantes. Em media no ver\u00e3o chegamos a encher um total de 250000 litros\/dia de cerveja refrigerantes e \u00e1guas.<\/p><\/div><\/li><\/ul><\/div>[\/vc_column][\/vc_row]<\/p>\n","protected":false},"excerpt":{"rendered":"<p>[vc_row css=&#8221;.vc_custom_1428428020454{padding-top: 3% !important;padding-bottom: 6% !important;}&#8221; row_type=&#8221;row&#8221; use_row_as_full_screen_section=&#8221;no&#8221; type=&#8221;full_width&#8221; in_content_menu=&#8221;&#8221; icon_pack=&#8221;font_awesome&#8221; content_menu_fe_icon=&#8221;arrow_back&#8221; text_align=&#8221;left&#8221; pattern_background=&#8221;&#8221;][vc_column width=&#8221;1\/1&#8243;][\/vc_column][\/vc_row]<\/p>\n","protected":false},"author":1,"featured_media":546,"parent":0,"menu_order":0,"comment_status":"closed","ping_status":"closed","template":"","meta":{"footnotes":""},"class_list":["post-10","page","type-page","status-publish","has-post-thumbnail","hentry"],"yoast_head":"<!-- This site is optimized with the Yoast SEO plugin v26.6 - https:\/\/yoast.com\/wordpress\/plugins\/seo\/ -->\n<title>Fabrico - Brisa<\/title>\n<meta name=\"description\" content=\"Brisa \u00e9 uma marca de refrigerantes madeirense, produzida pela Empresa de Cervejas da Madeira. Actualmente a marca Brisa procura expandir-se al\u00e9m fronteiras apostando principalmente nos mercados onde existe uma comunidade madeirense.\" \/>\n<meta name=\"robots\" content=\"index, follow, max-snippet:-1, max-image-preview:large, max-video-preview:-1\" \/>\n<link rel=\"canonical\" href=\"https:\/\/www.brisanet.com.pt\/fabrico\/\" \/>\n<meta property=\"og:locale\" content=\"en_US\" \/>\n<meta property=\"og:type\" content=\"article\" \/>\n<meta property=\"og:title\" content=\"Fabrico - Brisa\" \/>\n<meta property=\"og:description\" content=\"Brisa \u00e9 uma marca de refrigerantes madeirense, produzida pela Empresa de Cervejas da Madeira. Actualmente a marca Brisa procura expandir-se al\u00e9m fronteiras apostando principalmente nos mercados onde existe uma comunidade madeirense.\" \/>\n<meta property=\"og:url\" content=\"https:\/\/www.brisanet.com.pt\/fabrico\/\" \/>\n<meta property=\"og:site_name\" content=\"Brisa\" \/>\n<meta property=\"article:publisher\" content=\"https:\/\/www.facebook.com\/Ecm.Brisa\" \/>\n<meta property=\"article:modified_time\" content=\"2017-09-04T19:02:41+00:00\" \/>\n<meta property=\"og:image\" content=\"https:\/\/www.brisanet.com.pt\/wp-content\/uploads\/2015\/04\/featuredimage-1.jpg\" \/>\n\t<meta property=\"og:image:width\" content=\"1680\" \/>\n\t<meta property=\"og:image:height\" content=\"840\" \/>\n\t<meta property=\"og:image:type\" content=\"image\/jpeg\" \/>\n<meta name=\"twitter:card\" content=\"summary_large_image\" \/>\n<meta name=\"twitter:site\" content=\"@brisaecm\" \/>\n<meta name=\"twitter:label1\" content=\"Est. reading time\" \/>\n\t<meta name=\"twitter:data1\" content=\"2 minutes\" \/>\n<script type=\"application\/ld+json\" class=\"yoast-schema-graph\">{\"@context\":\"https:\/\/schema.org\",\"@graph\":[{\"@type\":\"WebPage\",\"@id\":\"https:\/\/www.brisanet.com.pt\/fabrico\/\",\"url\":\"https:\/\/www.brisanet.com.pt\/fabrico\/\",\"name\":\"Fabrico - Brisa\",\"isPartOf\":{\"@id\":\"https:\/\/www.brisanet.com.pt\/#website\"},\"primaryImageOfPage\":{\"@id\":\"https:\/\/www.brisanet.com.pt\/fabrico\/#primaryimage\"},\"image\":{\"@id\":\"https:\/\/www.brisanet.com.pt\/fabrico\/#primaryimage\"},\"thumbnailUrl\":\"https:\/\/www.brisanet.com.pt\/wp-content\/uploads\/2015\/04\/featuredimage-1.jpg\",\"datePublished\":\"2015-04-08T13:08:58+00:00\",\"dateModified\":\"2017-09-04T19:02:41+00:00\",\"description\":\"Brisa \u00e9 uma marca de refrigerantes madeirense, produzida pela Empresa de Cervejas da Madeira. Actualmente a marca Brisa procura expandir-se al\u00e9m fronteiras apostando principalmente nos mercados onde existe uma comunidade madeirense.\",\"breadcrumb\":{\"@id\":\"https:\/\/www.brisanet.com.pt\/fabrico\/#breadcrumb\"},\"inLanguage\":\"en-US\",\"potentialAction\":[{\"@type\":\"ReadAction\",\"target\":[\"https:\/\/www.brisanet.com.pt\/fabrico\/\"]}]},{\"@type\":\"ImageObject\",\"inLanguage\":\"en-US\",\"@id\":\"https:\/\/www.brisanet.com.pt\/fabrico\/#primaryimage\",\"url\":\"https:\/\/www.brisanet.com.pt\/wp-content\/uploads\/2015\/04\/featuredimage-1.jpg\",\"contentUrl\":\"https:\/\/www.brisanet.com.pt\/wp-content\/uploads\/2015\/04\/featuredimage-1.jpg\",\"width\":1680,\"height\":840},{\"@type\":\"BreadcrumbList\",\"@id\":\"https:\/\/www.brisanet.com.pt\/fabrico\/#breadcrumb\",\"itemListElement\":[{\"@type\":\"ListItem\",\"position\":1,\"name\":\"Home\",\"item\":\"https:\/\/www.brisanet.com.pt\/\"},{\"@type\":\"ListItem\",\"position\":2,\"name\":\"Fabrico\"}]},{\"@type\":\"WebSite\",\"@id\":\"https:\/\/www.brisanet.com.pt\/#website\",\"url\":\"https:\/\/www.brisanet.com.pt\/\",\"name\":\"Brisa\",\"description\":\"ECM\",\"publisher\":{\"@id\":\"https:\/\/www.brisanet.com.pt\/#organization\"},\"potentialAction\":[{\"@type\":\"SearchAction\",\"target\":{\"@type\":\"EntryPoint\",\"urlTemplate\":\"https:\/\/www.brisanet.com.pt\/?s={search_term_string}\"},\"query-input\":{\"@type\":\"PropertyValueSpecification\",\"valueRequired\":true,\"valueName\":\"search_term_string\"}}],\"inLanguage\":\"en-US\"},{\"@type\":\"Organization\",\"@id\":\"https:\/\/www.brisanet.com.pt\/#organization\",\"name\":\"Brisa\",\"url\":\"https:\/\/www.brisanet.com.pt\/\",\"logo\":{\"@type\":\"ImageObject\",\"inLanguage\":\"en-US\",\"@id\":\"https:\/\/www.brisanet.com.pt\/#\/schema\/logo\/image\/\",\"url\":\"https:\/\/www.brisanet.com.pt\/wp-content\/uploads\/2015\/04\/featuredimage-1.jpg\",\"contentUrl\":\"https:\/\/www.brisanet.com.pt\/wp-content\/uploads\/2015\/04\/featuredimage-1.jpg\",\"width\":1680,\"height\":840,\"caption\":\"Brisa\"},\"image\":{\"@id\":\"https:\/\/www.brisanet.com.pt\/#\/schema\/logo\/image\/\"},\"sameAs\":[\"https:\/\/www.facebook.com\/Ecm.Brisa\",\"https:\/\/x.com\/brisaecm\"]}]}<\/script>\n<!-- \/ Yoast SEO plugin. -->","yoast_head_json":{"title":"Fabrico - Brisa","description":"Brisa \u00e9 uma marca de refrigerantes madeirense, produzida pela Empresa de Cervejas da Madeira. Actualmente a marca Brisa procura expandir-se al\u00e9m fronteiras apostando principalmente nos mercados onde existe uma comunidade madeirense.","robots":{"index":"index","follow":"follow","max-snippet":"max-snippet:-1","max-image-preview":"max-image-preview:large","max-video-preview":"max-video-preview:-1"},"canonical":"https:\/\/www.brisanet.com.pt\/fabrico\/","og_locale":"en_US","og_type":"article","og_title":"Fabrico - Brisa","og_description":"Brisa \u00e9 uma marca de refrigerantes madeirense, produzida pela Empresa de Cervejas da Madeira. Actualmente a marca Brisa procura expandir-se al\u00e9m fronteiras apostando principalmente nos mercados onde existe uma comunidade madeirense.","og_url":"https:\/\/www.brisanet.com.pt\/fabrico\/","og_site_name":"Brisa","article_publisher":"https:\/\/www.facebook.com\/Ecm.Brisa","article_modified_time":"2017-09-04T19:02:41+00:00","og_image":[{"width":1680,"height":840,"url":"https:\/\/www.brisanet.com.pt\/wp-content\/uploads\/2015\/04\/featuredimage-1.jpg","type":"image\/jpeg"}],"twitter_card":"summary_large_image","twitter_site":"@brisaecm","twitter_misc":{"Est. reading time":"2 minutes"},"schema":{"@context":"https:\/\/schema.org","@graph":[{"@type":"WebPage","@id":"https:\/\/www.brisanet.com.pt\/fabrico\/","url":"https:\/\/www.brisanet.com.pt\/fabrico\/","name":"Fabrico - Brisa","isPartOf":{"@id":"https:\/\/www.brisanet.com.pt\/#website"},"primaryImageOfPage":{"@id":"https:\/\/www.brisanet.com.pt\/fabrico\/#primaryimage"},"image":{"@id":"https:\/\/www.brisanet.com.pt\/fabrico\/#primaryimage"},"thumbnailUrl":"https:\/\/www.brisanet.com.pt\/wp-content\/uploads\/2015\/04\/featuredimage-1.jpg","datePublished":"2015-04-08T13:08:58+00:00","dateModified":"2017-09-04T19:02:41+00:00","description":"Brisa \u00e9 uma marca de refrigerantes madeirense, produzida pela Empresa de Cervejas da Madeira. Actualmente a marca Brisa procura expandir-se al\u00e9m fronteiras apostando principalmente nos mercados onde existe uma comunidade madeirense.","breadcrumb":{"@id":"https:\/\/www.brisanet.com.pt\/fabrico\/#breadcrumb"},"inLanguage":"en-US","potentialAction":[{"@type":"ReadAction","target":["https:\/\/www.brisanet.com.pt\/fabrico\/"]}]},{"@type":"ImageObject","inLanguage":"en-US","@id":"https:\/\/www.brisanet.com.pt\/fabrico\/#primaryimage","url":"https:\/\/www.brisanet.com.pt\/wp-content\/uploads\/2015\/04\/featuredimage-1.jpg","contentUrl":"https:\/\/www.brisanet.com.pt\/wp-content\/uploads\/2015\/04\/featuredimage-1.jpg","width":1680,"height":840},{"@type":"BreadcrumbList","@id":"https:\/\/www.brisanet.com.pt\/fabrico\/#breadcrumb","itemListElement":[{"@type":"ListItem","position":1,"name":"Home","item":"https:\/\/www.brisanet.com.pt\/"},{"@type":"ListItem","position":2,"name":"Fabrico"}]},{"@type":"WebSite","@id":"https:\/\/www.brisanet.com.pt\/#website","url":"https:\/\/www.brisanet.com.pt\/","name":"Brisa","description":"ECM","publisher":{"@id":"https:\/\/www.brisanet.com.pt\/#organization"},"potentialAction":[{"@type":"SearchAction","target":{"@type":"EntryPoint","urlTemplate":"https:\/\/www.brisanet.com.pt\/?s={search_term_string}"},"query-input":{"@type":"PropertyValueSpecification","valueRequired":true,"valueName":"search_term_string"}}],"inLanguage":"en-US"},{"@type":"Organization","@id":"https:\/\/www.brisanet.com.pt\/#organization","name":"Brisa","url":"https:\/\/www.brisanet.com.pt\/","logo":{"@type":"ImageObject","inLanguage":"en-US","@id":"https:\/\/www.brisanet.com.pt\/#\/schema\/logo\/image\/","url":"https:\/\/www.brisanet.com.pt\/wp-content\/uploads\/2015\/04\/featuredimage-1.jpg","contentUrl":"https:\/\/www.brisanet.com.pt\/wp-content\/uploads\/2015\/04\/featuredimage-1.jpg","width":1680,"height":840,"caption":"Brisa"},"image":{"@id":"https:\/\/www.brisanet.com.pt\/#\/schema\/logo\/image\/"},"sameAs":["https:\/\/www.facebook.com\/Ecm.Brisa","https:\/\/x.com\/brisaecm"]}]}},"_links":{"self":[{"href":"https:\/\/www.brisanet.com.pt\/en\/wp-json\/wp\/v2\/pages\/10","targetHints":{"allow":["GET"]}}],"collection":[{"href":"https:\/\/www.brisanet.com.pt\/en\/wp-json\/wp\/v2\/pages"}],"about":[{"href":"https:\/\/www.brisanet.com.pt\/en\/wp-json\/wp\/v2\/types\/page"}],"author":[{"embeddable":true,"href":"https:\/\/www.brisanet.com.pt\/en\/wp-json\/wp\/v2\/users\/1"}],"replies":[{"embeddable":true,"href":"https:\/\/www.brisanet.com.pt\/en\/wp-json\/wp\/v2\/comments?post=10"}],"version-history":[{"count":1,"href":"https:\/\/www.brisanet.com.pt\/en\/wp-json\/wp\/v2\/pages\/10\/revisions"}],"predecessor-version":[{"id":532,"href":"https:\/\/www.brisanet.com.pt\/en\/wp-json\/wp\/v2\/pages\/10\/revisions\/532"}],"wp:featuredmedia":[{"embeddable":true,"href":"https:\/\/www.brisanet.com.pt\/en\/wp-json\/wp\/v2\/media\/546"}],"wp:attachment":[{"href":"https:\/\/www.brisanet.com.pt\/en\/wp-json\/wp\/v2\/media?parent=10"}],"curies":[{"name":"wp","href":"https:\/\/api.w.org\/{rel}","templated":true}]}}